{"id":714,"date":"2017-07-25T16:18:20","date_gmt":"2017-07-25T14:18:20","guid":{"rendered":"http:\/\/www.teckelblog.nl\/wordpress\/?page_id=714"},"modified":"2019-03-09T20:07:13","modified_gmt":"2019-03-09T19:07:13","slug":"ylva","status":"publish","type":"page","link":"https:\/\/www.teckelblog.nl\/wordpress\/ylva\/","title":{"rendered":"Ylva"},"content":{"rendered":"<p><a href=\"\/\/www.teckelblog.nl\/wordpress\/2017\/07\/24\/ylva-gebeten-hond\/ylva_staat\/\" rel=\"attachment wp-att-692\"><img loading=\"lazy\" class=\"alignnone size-medium wp-image-692\" src=\"\/\/www.teckelblog.nl\/wordpress\/wp-content\/uploads\/2017\/07\/Ylva_staat-300x225.jpg\" alt=\"Ylva_staat\" width=\"300\" height=\"225\" srcset=\"https:\/\/www.teckelblog.nl\/wordpress\/wp-content\/uploads\/2017\/07\/Ylva_staat-300x225.jpg 300w, https:\/\/www.teckelblog.nl\/wordpress\/wp-content\/uploads\/2017\/07\/Ylva_staat-768x576.jpg 768w, https:\/\/www.teckelblog.nl\/wordpress\/wp-content\/uploads\/2017\/07\/Ylva_staat-1024x768.jpg 1024w\" sizes=\"(max-width: 300px) 100vw, 300px\" \/><\/a><\/p>\n<p lang=\"nl-NL\" align=\"LEFT\"><span style=\"color: #000000;\"><span style=\"font-family: Helvetica, serif;\"><span style=\"font-size: small;\"><span lang=\"nl-NL\">Na een lange tijd van wikken en wegen besloten we in 2012 er een teckeltje bij te nemen. Omdat mijn man de Kaninchenteckeltjes zo grappig vond, moest het een Kaninchenpup worden.<\/span><\/span><\/span><\/span><span style=\"color: #000000;\"><span style=\"font-family: Helvetica, serif;\"><span style=\"font-size: small;\"><span lang=\"nl-NL\">Na informatie en adviezen ingewonnen te hebben, kwamen we bij de fokker van Ylva terecht.\u00a0<\/span><\/span><\/span><\/span><span style=\"color: #000000;\"><span style=\"font-family: Helvetica, serif;\"><span style=\"font-size: small;\"><span lang=\"nl-NL\">We kregen de keus tussen een hondje van 8 weken en eentje van 3 en1\/2 maand. Die laatste werd het.<\/span><\/span><\/span><\/span><span style=\"color: #000000;\"><span style=\"font-family: Helvetica, serif;\"><span style=\"font-size: small;\"><span lang=\"nl-NL\">Moeilijke beslissing, maar ja, de fokker verzekerde ons, desgevraagd, dat het hondje gesocialiseerd was. &#8220;Ik doe niks anders&#8221;. Ook zou ze krantzindelijk zijn&#8230;&#8230;dat was 5 januari 2013.<\/span><\/span><\/span><\/span><\/p>\n<p lang=\"nl-NL\" align=\"LEFT\"><span style=\"color: #000000;\"><span style=\"font-family: Helvetica, serif;\"><span style=\"font-size: small;\"><span lang=\"nl-NL\">Ylva is geboren op 22 augustus 2012 Ze \u00a0had al een naam en dat hebben wij zo gelaten, zeker toen we er achter kwamen dat Ylva (Zweeds) Wolvin betekent. Dat bleek wel bij haar te passen.<\/span><\/span><\/span><\/span><\/p>\n<p lang=\"nl-NL\" align=\"LEFT\"><span style=\"color: #000000;\"><span style=\"font-family: Helvetica, serif;\"><span style=\"font-size: small;\"><span lang=\"nl-NL\">Na een lange rit naar huis, bleek Ylva alles ondergespuugd te hebben, ja hoor: erg wagenziek.\u00a0<\/span><\/span><\/span><\/span><span style=\"color: #000000;\"><span style=\"font-family: Helvetica, serif;\"><span style=\"font-size: small;\"><span lang=\"nl-NL\">Met veel geduld en langzaam opbouwen, voorzichtig rijden etc. is ze daar uiteindelijk overheen gegroeid.<\/span><\/span><\/span><\/span><\/p>\n<p lang=\"nl-NL\" align=\"LEFT\"><span style=\"color: #000000;\"><span style=\"font-family: Helvetica, serif;\"><span style=\"font-size: small;\"><span lang=\"nl-NL\">Nadat we Ylva&#8217;s papieren bekeken, bleek ze geen drie maar al vier en halve maand oud te zijn&#8230;.schrikken.\u00a0<\/span><\/span><\/span><\/span><span style=\"color: #000000;\"><span style=\"font-family: Helvetica, serif;\"><span style=\"font-size: small;\"><span lang=\"nl-NL\">Bench? Ze brak de tent af, kwam met haar snuitje in het traliewerk van het deurtje klem te zitten en danste van louter frustratie met bench en al de kamer door. Nu? Ze kruipt zelf in haar benchje, knuffeltje mee en slapen.<\/span><\/span><\/span><\/span><\/p>\n<p lang=\"nl-NL\" align=\"LEFT\"><span style=\"color: #000000;\"><span style=\"font-family: Helvetica, serif;\"><span style=\"font-size: small;\"><span lang=\"nl-NL\">In haar eerste week bij ons kwam een buurman op bezoek. Ylva gedroeg zich hysterisch, tot ze van moeheid in slaap viel op mijn schoot. Toen ze wakker werd was weliswaar de buurman vertrokken, maar dat weerhield haar er niet van om nog een hele tijd tegen de lege plek op de bank, waar buurman had gezeten te keffen, ondanks onze afleidingspogingen. Dit was overigens ook heel komisch.<\/span><\/span><\/span><\/span><\/p>\n<p lang=\"nl-NL\" align=\"LEFT\"><span style=\"color: #000000;\"><span style=\"font-family: Helvetica, serif;\"><span style=\"font-size: small;\"><span lang=\"nl-NL\">Ze deed lelijk tegen alles en bijna iedereen.<\/span><\/span><\/span><\/span><\/p>\n<p lang=\"nl-NL\" align=\"LEFT\"><span style=\"color: #000000;\"><span style=\"font-family: Helvetica, serif;\"><span style=\"font-size: small;\"><span lang=\"nl-NL\">Nu? Geen groter feest dan bezoek. Ze is dol op mensen. Met een duidelijke voorkeur voor sommigen. Ze is stapelgek op haar fokker ( geen wonder, dat was haar menselijk contact gedurende haar inprentingsfase).<\/span><\/span><\/span><\/span><\/p>\n<p lang=\"nl-NL\" align=\"LEFT\"><span style=\"color: #000000;\"><span style=\"font-family: Helvetica, serif;\"><span style=\"font-size: small;\"><span lang=\"nl-NL\">Andere honden? E\u00e9n groot drama. Behalve naar Whoopi, deed ze lelijk naar alle honden. Ze werd (daarom?) ook door de honden van 2 dochters aangevallen. Ze doet nog steeds lelijk naar veel honden.<\/span><\/span><\/span><\/span><\/p>\n<p lang=\"nl-NL\" align=\"LEFT\"><span style=\"color: #000000;\"><span style=\"font-family: Helvetica, serif;\"><span style=\"font-size: small;\"><span lang=\"nl-NL\">Onze vaste professionele hondenoppas zei, na een kennismakings bezoekje met Ylva: &#8220;die wil ik niet hebben&#8221;.\u00a0<\/span><\/span><\/span><\/span><span style=\"color: #000000;\"><span style=\"font-family: Helvetica, serif;\"><span style=\"font-size: small;\"><span lang=\"nl-NL\">Een volgende oppas: agressie van Ylva naar \u00e9\u00e9n van haar hondjes, dus dat ging ook niet.<\/span><\/span><\/span><\/span><\/p>\n<p lang=\"nl-NL\" align=\"LEFT\"><span style=\"color: #000000;\"><span style=\"font-family: Helvetica, serif;\"><span style=\"font-size: small;\"><span lang=\"nl-NL\">Op de hondentrainingen doet ze het heel goed, ook al is ze daar de luidruchtigste van allemaal. In een nieuwe groep heeft ze het nog steeds moeilijk, maar ze is lang niet meer zo nadrukkelijk aanwezig.<\/span><\/span><\/span><\/span><\/p>\n<p lang=\"nl-NL\" align=\"LEFT\"><span style=\"color: #000000;\"><span style=\"font-family: Helvetica, serif;\"><span style=\"font-size: small;\"><span lang=\"nl-NL\">Inmiddels trainen we niet meer met haar in groepsverband. We hebben nog even Hooper met haar gedaan, ook dat deed ze heel goed, maar uit angst voor confrontaties met de andere honden uit de groep zijn we gestopt. We oefenen af en toe thuis. We hebben zelf boogjes en een tunnel.<\/span><\/span><\/span><\/span><\/p>\n<p lang=\"nl-NL\" align=\"LEFT\"><span style=\"color: #000000;\"><span style=\"font-family: Helvetica, serif;\"><span style=\"font-size: small;\"><span lang=\"nl-NL\">.<\/span><\/span><\/span><\/span><span style=\"color: #000000;\"><span style=\"font-family: Helvetica, serif;\"><span style=\"font-size: small;\"><span lang=\"nl-NL\">Ylva werd zo rond haar eerste verjaardag eindelijk zindelijk. Dat was echt een heel moeilijk nummer.<\/span><\/span><\/span><\/span><\/p>\n<p lang=\"nl-NL\" align=\"LEFT\"><span style=\"color: #000000;\"><span style=\"font-family: Helvetica, serif;\"><span style=\"font-size: small;\"><span lang=\"nl-NL\">De angst v\u00f3\u00f3r en agressie tegen stofzuiger, vuilniszak en\/of -bak etc. Is er nog steeds vanaf dat ze bij ons kwam. Ze bijt in de wielen van Kliko\u2019s.<\/span><\/span><\/span><\/span><\/p>\n<p lang=\"nl-NL\" align=\"LEFT\"><span style=\"color: #000000;\"><span style=\"font-family: Helvetica, serif;\"><span style=\"font-size: small;\"><span lang=\"nl-NL\">Televisie kijken is een avontuur op zich sinds we Ylva hebben:\u00a0<\/span><\/span><\/span><\/span><span style=\"color: #000000;\"><span style=\"font-family: Helvetica, serif;\"><span style=\"font-size: small;\"><span lang=\"nl-NL\">Ze zit ervoor en kijkt ernaar. O wee als er maar iets op komt dat op een dier lijkt, tot zelfs de tekening bij man bijt hond&#8230;&#8230;.ze volgt beelden zelfs heen en weer lopend met de voorpootjes op de kast, voor het beeldscherm. Het lijkt het TV kijkende hondje wel van 1001 Dalmatiers wel.<\/span><\/span><\/span><\/span><span style=\"color: #000000;\"><span style=\"font-family: Helvetica, serif;\"><span style=\"font-size: small;\"><span lang=\"nl-NL\">Gewoon hilarisch om te zien, minder om te horen<\/span><span style=\"font-family: 'Arial Unicode MS', serif;\">?<\/span><span lang=\"nl-NL\">.<\/span><\/span><\/span><\/span><\/p>\n<p lang=\"nl-NL\" align=\"LEFT\"><span style=\"color: #000000;\"><span style=\"font-family: Helvetica, serif;\"><span style=\"font-size: small;\"><span lang=\"nl-NL\">Het ergste komt nog:<\/span><\/span><\/span><\/span><\/p>\n<p lang=\"nl-NL\" align=\"LEFT\"><span style=\"color: #000000;\"><span style=\"font-family: Helvetica, serif;\"><span style=\"font-size: small;\"><span lang=\"nl-NL\">Dat Ylva elektrische snoeren doorbeet heeft ze overleefd, dank zij onze alertheid (o.a. alle stekkers uit de stopcontacten). Maar&#8230;het achter haar staart aan rennen, wat op zich toch niet alarmerend hoeft te zijn voor een pup, werd dwangmatig handelen. Het ging maar door en maar door. Ook bleef ze zich dwangmatig likken. Haar achterhand was regelmatig drijfnat. Dat begon binnen een paar dagen nadat ze bij ons kwam.<\/span><\/span><\/span><\/span><span style=\"color: #000000;\"><span style=\"font-family: Helvetica, serif;\"><span style=\"font-size: small;\"><span lang=\"nl-NL\">Ook ronddraaien in krukjes werd dwangmatig,<\/span><span lang=\"de-DE\">\u00a0die\u00a0<\/span><span lang=\"nl-NL\">moesten dus verwijderd wo<\/span>rden<span lang=\"nl-NL\">.<\/span><\/span><\/span><\/span><span style=\"color: #000000;\"><span style=\"font-family: Helvetica, serif;\"><span style=\"font-size: small;\"><span lang=\"nl-NL\">Als ze er eenmaal &#8220;in&#8221; zat, kregen we haar ook niet &#8220;uit&#8221; dat tolgedrag. We werden er zelf ook compleet gestoord van. We kregen geen enkel contact meer met haar, ondanks al onze pogingen om haar af te leiden.<\/span><\/span><\/span><\/span><\/p>\n<p lang=\"nl-NL\" align=\"LEFT\"><span style=\"color: #000000;\"><span style=\"font-family: Helvetica, serif;\"><span style=\"font-size: small;\"><span lang=\"nl-NL\">Gek werden we van alle -goedbedoelde- raadgevingen, of erger: verwijten. Het zou allemaal onze schuld zijn.<\/span><\/span><\/span><\/span><\/p>\n<p lang=\"nl-NL\" align=\"LEFT\"><span style=\"color: #000000;\"><span style=\"font-family: Helvetica, serif;\"><span style=\"font-size: small;\"><span lang=\"nl-NL\">Volgens sommige mensen zou ze aan kennelsyndroom lijden. Ylva likte zelfs de stenen, de vloer, onze kleren&#8230;.<\/span><\/span><\/span><\/span><\/p>\n<p lang=\"nl-NL\" align=\"LEFT\"><span style=\"color: #000000;\"><span style=\"font-family: Helvetica, serif;\"><span style=\"font-size: small;\"><span lang=\"nl-NL\">Inmiddels zijn we er wel van overtuigd dat ze aan kennelsyndroom lijdt.<\/span><\/span><\/span><\/span><span style=\"color: #000000;\"><span style=\"font-family: Helvetica, serif;\"><span style=\"font-size: small;\"><span lang=\"nl-NL\">Natuurlijk zijn we met haar naar de dierenarts gegaan over dat tolgedrag.<\/span><\/span><\/span><\/span><\/p>\n<p lang=\"nl-NL\" align=\"LEFT\"><span style=\"color: #000000;\"><span style=\"font-family: Helvetica, serif;\"><span style=\"font-size: small;\"><span lang=\"nl-NL\">De dierenarts heeft haar vacht gecontroleerd, niets te ontdekken, ( we dachten dat ze misschien erge jeuk had), hij heeft een prednison kuur voorgeschreven en uiteindelijk is in een gespecialiseerde dierenkliniek bloedonderzoek gedaan op levershunt.<\/span><\/span><\/span><\/span><\/p>\n<p lang=\"nl-NL\" align=\"LEFT\"><span style=\"color: #000000;\"><span style=\"font-family: Helvetica, serif;\"><span style=\"font-size: small;\"><span lang=\"nl-NL\"><i>Een paar straten achter ons was, in die tijd, een Kaninchenteckeltje met -vermoedelijk- levershunt. Het beestje was doodziek en is, pas vier jaar oud, overleden. Dat bleek een teckel te zijn van dezelfde fokker.<\/i><\/span><\/span><\/span><\/span><\/p>\n<p lang=\"nl-NL\" align=\"LEFT\"><span style=\"color: #000000;\"><span style=\"font-family: Helvetica, serif;\"><span style=\"font-size: small;\"><span lang=\"nl-NL\">Gelukkig was niets manifest verkeerds in Ylva&#8217;s bloed ontdekt.<\/span><\/span><\/span><\/span><\/p>\n<p lang=\"nl-NL\" align=\"LEFT\"><span style=\"color: #000000;\"><span style=\"font-family: Helvetica, serif;\"><span style=\"font-size: small;\"><span lang=\"nl-NL\">Ik ben gaan experimenteren, eerst met Chinese kruiden. Een middel om Ylva&#8217;s bloed te zuiveren en een middel tegen jeuk.\u00a0<\/span><\/span><\/span><\/span><span style=\"color: #000000;\"><span style=\"font-family: Helvetica, serif;\"><span style=\"font-size: small;\"><span lang=\"nl-NL\">Dat hielp wel iets maar gaf geen significante verbeteringen.<\/span><\/span><\/span><\/span><\/p>\n<p lang=\"nl-NL\" align=\"LEFT\"><span style=\"color: #000000;\"><span style=\"font-family: Helvetica, serif;\"><span style=\"font-size: small;\"><span lang=\"nl-NL\">Daarna zijn we begonnen met Bachbloesemdruppeltjes, samenstelling op maat. Heel geleidelijk aan werd het tollen minder. Met de Bachbloesemdruppels zijn we gestopt, want ze krijgt nu Fluoxetine.( Prozac), voorgeschreven bij de gedragskliniek voor dieren van de diergeneeskundige faculteit in Utrecht.\u00a0<\/span><\/span><\/span><\/span><span style=\"color: #000000;\"><span style=\"font-family: Helvetica, serif;\"><span style=\"font-size: small;\"><span lang=\"nl-NL\">Daar hoorden we, ( wat we al wel wisten,) dat Ylva nooit echt genezen zal. We hebben diverse gedragstherapeuten geraadpleegd.<\/span><\/span><\/span><\/span><\/p>\n<p lang=\"nl-NL\" align=\"LEFT\"><span style=\"color: #000000;\"><span style=\"font-family: Helvetica, serif;\"><span style=\"font-size: small;\"><span lang=\"nl-NL\">Intussen kregen we het volgende probleem: Ylva had persisterende melktandjes. Onze dierenarts heeft de stelregel om niet v\u00f3\u00f3r 6 \u00e1 7 maanden de melktandjes te trekken ivm narcose.<\/span><\/span><\/span><\/span><span style=\"color: #000000;\"><span style=\"font-family: Helvetica, serif;\"><span style=\"font-size: small;\"><span lang=\"nl-NL\">Vaak gaan de tandjes er spontaan uit, maar bij Ylva dus niet, erger, haar vaste gebit kreeg niet voldoende ruimte en met name de nieuwe hoektanden waren scheefgegroeid. Dat ontdekte een keurmeester bij een teckelbespreking. De melktandjes waren al wel getrokken maar te laat. Nog erger, de assistentes die de\u00a0<\/span><\/span><\/span><\/span><span style=\"color: #000000;\"><span style=\"font-family: Helvetica, serif;\"><span style=\"font-size: small;\"><span lang=\"nl-NL\">tandjes hadden getrokken, hadden kennelijk wortelpuntjes laten zitten. Wel gezegd dat het erg moeilijk\u00a0<\/span><\/span><\/span><\/span><span style=\"font-family: Helvetica, serif;\"><span style=\"font-size: small;\"><span lang=\"nl-NL\">ging<\/span><\/span><\/span><span style=\"color: #000000;\"><span style=\"font-family: Helvetica, serif;\"><span style=\"font-size: small;\"><span lang=\"nl-NL\">, niet dat het niet helemaal goed was gegaan. Die puntjes zijn er met ontsteking uitgekomen.<\/span><\/span><\/span><\/span><\/p>\n<p lang=\"nl-NL\" align=\"LEFT\"><span style=\"color: #000000;\"><span style=\"font-family: Helvetica, serif;\"><span style=\"font-size: small;\"><span lang=\"nl-NL\">Wij dus weer naar de dierenkliniek, waar ook een dierentandarts zit.\u00a0<\/span><\/span><\/span><\/span><span style=\"color: #000000;\"><span style=\"font-family: Helvetica, serif;\"><span style=\"font-size: small;\"><span lang=\"nl-NL\">Met veel geduld heeft mijn man in een paar maanden tijd de tandjes weer op zijn plaats weten te drukken.<\/span><\/span><\/span><\/span><\/p>\n<p lang=\"nl-NL\" align=\"LEFT\"><span style=\"color: #000000;\"><span style=\"font-family: Helvetica, serif;\"><span style=\"font-size: small;\"><span lang=\"nl-NL\">Eerder hadden we al diverse gedragstherapeuten geraadpleegd. We hebben zelfs een aan antiagressie training van 7 lessen met haar gevolgd, dat minihondje tussen die grote, echt agressieve honden. Wel muilkorven om natuurlijk.\u00a0<\/span><\/span><\/span><\/span><span style=\"color: #000000;\"><span style=\"font-family: Helvetica, serif;\"><span style=\"font-size: small;\"><span lang=\"nl-NL\">Ylva begon nl na verloop van tijd onze dwerg Whoopi aan te vallen, te bijten, wanneer haar iets aangedaan werd. Bijvoorbeeld als ze een deur tegen zich aan kreeg, of als we tegen haar aan liepen, een gast die op haar pootje ging staan, een begroeting, van ons, ook naar Whoopi, om een kauwbot, etc etc. Zelfs als ze zichzelf pijn deed.<\/span><\/span><\/span><\/span><\/p>\n<p lang=\"nl-NL\" align=\"LEFT\"><span style=\"color: #000000;\"><span style=\"font-family: Helvetica, serif;\"><span style=\"font-size: small;\"><span lang=\"nl-NL\">Reinout begon te twijfelen: &#8220;hoe lang houden we dit nog vol&#8221;. Daarbij kregen we regelmatig het advies om haar maar in te laten slapen. Dat nooit dacht ik en vocht door. Ze is tussen die buien door zo grappig, lief en aanhankelijk. Leergierig, ze kan na een paar keer oefenen de oefeningen waar andere honden moeite mee hebben. Ze apporteert als een retriever, nee, beter haha. Volgens keurmeester Jan Dekker is een teckel die apporteert geen teckel, haha.<\/span><\/span><\/span><\/span><\/p>\n<p lang=\"nl-NL\" align=\"LEFT\"><span style=\"color: #000000;\"><span style=\"font-family: Helvetica, serif;\"><span style=\"font-size: small;\"><span lang=\"nl-NL\">Nu, bijna 5 jaar, heeft ze nog steeds neiging tot dwangmatig gedrag, soms is haar achterhand ook weer drijfnat. Helemaal over is het dus niet, maar we hebben in huis een heerlijk sociaal hondje, dat aandoenlijk oogcontact maakt, dol is op knuffels en geniet als je met haar oefent.<\/span><\/span><\/span><\/span><\/p>\n<p lang=\"nl-NL\" align=\"LEFT\"><span style=\"color: #000000;\"><span style=\"font-family: Helvetica, serif;\"><span style=\"font-size: small;\"><span lang=\"nl-NL\">We kunnen nu met haar buiten zijn zonder dat ze als een dolle door gras en planten tolt, graast als een koe en niet aanspreekbaar is. Overigens, dat grazen doet ze toch weer meer.<\/span><\/span><\/span><\/span><\/p>\n<p lang=\"nl-NL\" align=\"LEFT\"><span style=\"color: #000000;\"><span style=\"font-family: Helvetica, serif;\"><span style=\"font-size: small;\"><span lang=\"nl-NL\">Wat gebleven is, is haar vervelende gekef naar honden. Je hoort haar straten ver&#8230;&#8230;<\/span><\/span><\/span><\/span><\/p>\n<p lang=\"nl-NL\" align=\"LEFT\"><span style=\"color: #000000;\"><span style=\"font-family: Helvetica, serif;\"><span style=\"font-size: small;\"><span lang=\"nl-NL\">Wij gaan niet meer naar shows en niet meer naar teckelbijeenkomsten. We mijden alle gelegenheden waar we overladen werden met goede raadgevingen en kritiek die ons \u00f3f super onzeker maakten, \u00f3f waardoor ik me in de verdediging gedrongen voelde. Daardoor is het leven een stuk aangenamer geworden en genieten we dagelijks ondanks alles van onze teckeltjes.<\/span><\/span><\/span><\/span><\/p>\n<p lang=\"nl-NL\" align=\"LEFT\"><span style=\"color: #000000;\"><span style=\"font-family: Helvetica, serif;\"><span style=\"font-size: small;\"><span lang=\"nl-NL\">Toen we Ylva kochten, hoopten we met haar \u00e9\u00e9n keer een nestje te fokken. Dat zit er helaas niet in, er zijn genoeg teckels met minder problemen. We hebben ons daar bij neergelegd. Maar een teleurstelling was het wel.\u00a0<\/span><\/span><\/span><\/span><span style=\"color: #000000;\"><span style=\"font-family: Helvetica, serif;\"><span style=\"font-size: small;\"><span lang=\"nl-NL\">Grappig is, dat Ylva nu een vriendinnetje heeft. . Dikke maatjes. Wat goed voor Ylva.<\/span><\/span><\/span><\/span><\/p>\n<p lang=\"nl-NL\" align=\"LEFT\"><span style=\"color: #000000;\"><span style=\"font-family: Helvetica, serif;\"><span style=\"font-size: small;\"><span lang=\"nl-NL\"><i>Saillant detail: het is de opvolgster van het zieke hondje dat maar 4 jaar oud werd en van dezelfde fokker kwam. De bazin van dat overleden hondje had exact dezelfde reacties over zich heen gekregen als wij<\/i><\/span><span lang=\"nl-NL\">.<\/span><\/span><\/span><\/span><\/p>\n<p lang=\"nl-NL\" align=\"LEFT\"><span style=\"color: #000000;\"><span style=\"font-family: Helvetica, serif;\"><span style=\"font-size: small;\"><span lang=\"nl-NL\">Helaas heeft Ylva ook vriendinnetje Jet gebeten dus ook dat is over. Wel verdraagt Ylva haar in huis, dat op zich is al bijzonder.<\/span><\/span><\/span><\/span><\/p>\n<p lang=\"nl-NL\" align=\"LEFT\"><a href=\"\/\/www.teckelblog.nl\/wordpress\/2017\/07\/24\/ylva-gebeten-hond\/ylva_beker\/\" rel=\"attachment wp-att-691\"><img loading=\"lazy\" class=\"alignnone size-medium wp-image-691\" src=\"\/\/www.teckelblog.nl\/wordpress\/wp-content\/uploads\/2017\/07\/Ylva_beker-300x225.jpg\" alt=\"Ylva_beker\" width=\"300\" height=\"225\" srcset=\"https:\/\/www.teckelblog.nl\/wordpress\/wp-content\/uploads\/2017\/07\/Ylva_beker-300x225.jpg 300w, https:\/\/www.teckelblog.nl\/wordpress\/wp-content\/uploads\/2017\/07\/Ylva_beker-768x576.jpg 768w, https:\/\/www.teckelblog.nl\/wordpress\/wp-content\/uploads\/2017\/07\/Ylva_beker-1024x768.jpg 1024w\" sizes=\"(max-width: 300px) 100vw, 300px\" \/><\/a><\/p>\n<p lang=\"nl-NL\" align=\"LEFT\"><span style=\"color: #000000;\"><span style=\"font-family: Helvetica, serif;\"><span style=\"font-size: small;\"><span lang=\"nl-NL\">Bij het teckelrennen haalde Ylva de eerste prijs in haar klasse.<\/span><\/span><\/span><\/span><\/p>\n","protected":false},"excerpt":{"rendered":"<p>Na een lange tijd van wikken en wegen besloten we in 2012 er een teckeltje bij te nemen. Omdat mijn man de Kaninchenteckeltjes zo grappig vond, moest het een Kaninchenpup worden.Na informatie en adviezen ingewonnen te hebben, kwamen we bij de fokker van Ylva terecht.\u00a0We kregen de keus tussen een hondje van 8 weken en &hellip; <a href=\"https:\/\/www.teckelblog.nl\/wordpress\/ylva\/\" class=\"more-link\">Verder lezen <span class=\"screen-reader-text\">Ylva<\/span><\/a><\/p>\n","protected":false},"author":1,"featured_media":0,"parent":0,"menu_order":0,"comment_status":"closed","ping_status":"closed","template":"","meta":[],"_links":{"self":[{"href":"https:\/\/www.teckelblog.nl\/wordpress\/wp-json\/wp\/v2\/pages\/714"}],"collection":[{"href":"https:\/\/www.teckelblog.nl\/wordpress\/wp-json\/wp\/v2\/pages"}],"about":[{"href":"https:\/\/www.teckelblog.nl\/wordpress\/wp-json\/wp\/v2\/types\/page"}],"author":[{"embeddable":true,"href":"https:\/\/www.teckelblog.nl\/wordpress\/wp-json\/wp\/v2\/users\/1"}],"replies":[{"embeddable":true,"href":"https:\/\/www.teckelblog.nl\/wordpress\/wp-json\/wp\/v2\/comments?post=714"}],"version-history":[{"count":5,"href":"https:\/\/www.teckelblog.nl\/wordpress\/wp-json\/wp\/v2\/pages\/714\/revisions"}],"predecessor-version":[{"id":3418,"href":"https:\/\/www.teckelblog.nl\/wordpress\/wp-json\/wp\/v2\/pages\/714\/revisions\/3418"}],"wp:attachment":[{"href":"https:\/\/www.teckelblog.nl\/wordpress\/wp-json\/wp\/v2\/media?parent=714"}],"curies":[{"name":"wp","href":"https:\/\/api.w.org\/{rel}","templated":true}]}}