{"id":5180,"date":"2020-07-26T22:40:59","date_gmt":"2020-07-26T20:40:59","guid":{"rendered":"https:\/\/www.teckelblog.nl\/wordpress\/?page_id=5180"},"modified":"2020-07-26T22:40:59","modified_gmt":"2020-07-26T20:40:59","slug":"een-pup-kopen-bezint-eer-ge-begint","status":"publish","type":"page","link":"https:\/\/www.teckelblog.nl\/wordpress\/een-pup-kopen-bezint-eer-ge-begint\/","title":{"rendered":"Een pup kopen? Bezint eer ge begint!"},"content":{"rendered":"\n<p>(<strong>Honden Tsunami door Corona<\/strong>)<\/p>\n\n\n\n<p>We\nhoren en zien om ons heen een Tsunami van aanschaf hond.<\/p>\n\n\n\n<p>Misschien een beetje laat, &nbsp;maar we zetten toch nog weer eens alles op een rijtje bij de aanschaf van een pup ( of volwassen hond) &nbsp;( zie ook: <a href=\"https:\/\/www.teckelblog.nl\/wordpress\/hondenhandel\/\">hier<\/a>)<\/p>\n\n\n\n<p>Allereerst, v\u00f3\u00f3r je een hond koopt:<br><strong>Een hond heb je voor zijn leven, het is geen speelgoed voor je kind, of voor jezelf om je verveling te verdrijven. Een hond is er ook nog als , ooit, deze Corona ellende achter de rug mag zijn.<\/strong><br>Weet dus goed waar je aan begint.<\/p>\n\n\n\n<p>Dan&#8230;.waar\nkoop je een hond en waar let je op, maar n\u00f3g belangrijker, waar koop je g\u00e9\u00e9n\nhond.&nbsp;<\/p>\n\n\n\n<p>Wil je een rashond of een bastaard? Van een rashondpup &nbsp;is bekend hoe die er uit gaat zien en min of meer is het karakter voorspelbaar. &nbsp;Een goede fokker steunt je, heeft gezorgd voor de inentingen en hoort je een koopovereenkomst te geven en alle mogelijke adviezen voor de opvoeding. Bij een bastaard is het een verrassing hoe die, eenmaal volwassen,.er uit zal zien, is wel soms gezonder, maar verder weet je vaak niet veel van zijn achtergrond, tenzij van een bewust gefokte bastaardhond, ( apart onderwerp).<\/p>\n\n\n\n<p>Denk ook na of je een reu &nbsp;of een teef wilt. Een reu &nbsp;plast overal tegen op.<br>Een teefje wordt loops. Meestal op een ongelegen tijd, bijvoorbeeld als ze naar een oppas moet.<\/p>\n\n\n\n<p>Mijn man wil absoluut geen reu, want ze plassen onder je afdak, in je kamer, tegen stoelpoten etc. ( dat is vaak gebeurd bij ons in de kamer, door bezoekende honden ).<\/p>\n\n\n\n<p>Ik zag eens op een jachthondentraining een reu tegen een jachtgeweer opplassen, erger eentje die tegen een picknick mand zijn poot omhoog stak, grote hilariteit voor de toeschouwers.<br>Wel zijn reuen vaak mooier vind ik, mooier hoofd. Het is een kwestie van smaak.<br>Veel mensen hebben een hekel aan de loopsheid van teefjes.<\/p>\n\n\n\n<p>Koop\nnooit een hond bij een handelaar, \u00f3\u00f3k niet met de gedachte een hondje te\nredden, want je houdt hiermee de ellende voor honden in stand, je wordt dus medeschuldig!!!<\/p>\n\n\n\n<p>Let\nheel goed op voordat je een hond bij een broodfokker koopt. Ook daar zijn soms\nerge misstanden. Je maakt mij ook niet wijs dat in zo\u2019n fokfabriek met veel\nhonden, veel nesten, een pup goed gesocialiseerd kan worden, opletten dus.<\/p>\n\n\n\n<p>Kijk\nen vraag liever om je heen.<\/p>\n\n\n\n<p>In de mode zijn buitenlanders. Je kunt geluk hebben, maar ook dikke pech, ziekte of karakterproblemen, bange of agressieve honden, kortom denk na of je het risico wilt nemen. Je zou ook een hond, kennel of zo kunnen sponseren.<\/p>\n\n\n\n<p>Ik waag me verder niet in die discussie, voor en tegenstanders staan loodrecht tegenover elkaar. Wat ik er alleen over kwijt wil is dat ik de voorkeur geef aan honden en katten in hun eigen omgeving te helpen, asiel, of &#8230;..daar waar ze opgevangen worden, gecastreerd, en verzorgd worden, ook bij ziekten en eten krijgen.<\/p>\n\n\n\n<p>Maar goed, alles is overdacht en dan komt zo\u2019n hummeltje bij je thuis.&nbsp;<br>Je smelt, het is z\u00f3 schattig. Totdat je schattige pup in huis poept en plast, want ga er niet van uit dat je schatje meteen zindelijk is. Nog steeds zijn er mensen die de onsmakelijke gewoonte hebben de neus van de hond door de plas te halen, arm dier.<\/p>\n\n\n\n<p>Laat je hondje nooit los buiten tenzij je een omheinde tuin hebt.&nbsp;<br>Je denkt misschien dat jouw hond nooit wegloopt, maar er kan iets triggeren, een kat, lawaai, het baasje op straat&#8230;&#8230;het is zomaar gebeurt.<\/p>\n\n\n\n<p>Toen\nwij Ylva gingen halen kregen we strikte opdracht rechtstreeks naar huis te\nrijden, het puppy niet uit de auto te laten en niet met andere ( grote) honden\nte laten spelen. Dit vanwege de kwetsbare teckelruggetjes.<\/p>\n\n\n\n<p>Er was kort voor ons een stel geweest dat bij deze fokker een pup had gekocht. Toen deze mensen op de terugweg moesten tanken, lieten ze hun pupje ook even (los) uit de auto, waar het diertje ter plekke werd doodgereden. Hoe dom kun je zijn en hoe verdrietig.<\/p>\n\n\n\n<p>Dus houd je hond buiten aan de lijn, maar binnen uiteraard halsband of tuigje af. Denk eens hoe het moet slapen met een tuigje om. Een riempje is gevaarlijk, loopt je hond los in buitengebied of loopt hij weg, dan bestaat het risico dat de hond zich ophangt aan zijn halsband. Dat overkwam de hond van een vriendin ooit in een kennel. Haar hond was tegen het hek opgesprongen en had zich aan het hek opgehangen&#8230;.dood.<\/p>\n\n\n\n<p>Voeren\nis een hoofdstuk apart, begin nooit abrupt met ander voer, als je wilt\nveranderen, doe dat dan geleidelijk aan, zodat je hond niet aan de diarree\nraakt.<\/p>\n\n\n\n<p>Op\ninternet staan lijsten met wat je wel en niet mag geven, er is eten waar een\nhond ziek van kan worden of zelfs dood aan kan gaan.<\/p>\n\n\n\n<p>Ga naar een (puppy)training. Je leert veel en het schept een band met je hond visa versa. Daarbij is het ontzettend leuk en een deel van socialisatie. Wij hebben met meerdere honden cursussen gelopen en ze vonden het allemaal leuk.&nbsp;<\/p>\n\n\n<p><!--EndFragment--><br \/><br \/><\/p>","protected":false},"excerpt":{"rendered":"<p>(Honden Tsunami door Corona) We horen en zien om ons heen een Tsunami van aanschaf hond. Misschien een beetje laat, &nbsp;maar we zetten toch nog weer eens alles op een rijtje bij de aanschaf van een pup ( of volwassen hond) &nbsp;( zie ook: hier) Allereerst, v\u00f3\u00f3r je een hond koopt:Een hond heb je voor &hellip; <a href=\"https:\/\/www.teckelblog.nl\/wordpress\/een-pup-kopen-bezint-eer-ge-begint\/\" class=\"more-link\">Verder lezen <span class=\"screen-reader-text\">Een pup kopen? Bezint eer ge begint!<\/span><\/a><\/p>\n","protected":false},"author":1,"featured_media":0,"parent":0,"menu_order":0,"comment_status":"closed","ping_status":"closed","template":"","meta":[],"_links":{"self":[{"href":"https:\/\/www.teckelblog.nl\/wordpress\/wp-json\/wp\/v2\/pages\/5180"}],"collection":[{"href":"https:\/\/www.teckelblog.nl\/wordpress\/wp-json\/wp\/v2\/pages"}],"about":[{"href":"https:\/\/www.teckelblog.nl\/wordpress\/wp-json\/wp\/v2\/types\/page"}],"author":[{"embeddable":true,"href":"https:\/\/www.teckelblog.nl\/wordpress\/wp-json\/wp\/v2\/users\/1"}],"replies":[{"embeddable":true,"href":"https:\/\/www.teckelblog.nl\/wordpress\/wp-json\/wp\/v2\/comments?post=5180"}],"version-history":[{"count":2,"href":"https:\/\/www.teckelblog.nl\/wordpress\/wp-json\/wp\/v2\/pages\/5180\/revisions"}],"predecessor-version":[{"id":5185,"href":"https:\/\/www.teckelblog.nl\/wordpress\/wp-json\/wp\/v2\/pages\/5180\/revisions\/5185"}],"wp:attachment":[{"href":"https:\/\/www.teckelblog.nl\/wordpress\/wp-json\/wp\/v2\/media?parent=5180"}],"curies":[{"name":"wp","href":"https:\/\/api.w.org\/{rel}","templated":true}]}}