{"id":3389,"date":"2019-03-08T19:52:21","date_gmt":"2019-03-08T18:52:21","guid":{"rendered":"https:\/\/www.teckelblog.nl\/wordpress\/?page_id=3389"},"modified":"2019-03-09T19:42:50","modified_gmt":"2019-03-09T18:42:50","slug":"antisprookje","status":"publish","type":"page","link":"https:\/\/www.teckelblog.nl\/wordpress\/antisprookje\/","title":{"rendered":"Anti-sprookje"},"content":{"rendered":"<p><a href=\"\/\/www.teckelblog.nl\/wordpress\/antisprookje\/p1160053-2\/\" rel=\"attachment wp-att-3411\"><img loading=\"lazy\" class=\"aligncenter size-full wp-image-3411\" src=\"\/\/www.teckelblog.nl\/wordpress\/wp-content\/uploads\/2019\/03\/P1160053-1.jpg\" alt=\"\" width=\"1141\" height=\"992\" srcset=\"https:\/\/www.teckelblog.nl\/wordpress\/wp-content\/uploads\/2019\/03\/P1160053-1.jpg 1141w, https:\/\/www.teckelblog.nl\/wordpress\/wp-content\/uploads\/2019\/03\/P1160053-1-300x261.jpg 300w, https:\/\/www.teckelblog.nl\/wordpress\/wp-content\/uploads\/2019\/03\/P1160053-1-768x668.jpg 768w, https:\/\/www.teckelblog.nl\/wordpress\/wp-content\/uploads\/2019\/03\/P1160053-1-1024x890.jpg 1024w\" sizes=\"(max-width: 1141px) 100vw, 1141px\" \/><\/a><\/p>\n<p style=\"margin: 0cm; margin-bottom: .0001pt;\"><span style=\"font-family: 'Helvetica',sans-serif;\">Er was eens een echtpaar dat graag een Teckeltje wou.<\/span><\/p>\n<p style=\"margin: 0cm; margin-bottom: .0001pt; font-stretch: normal;\"><span style=\"font-family: 'Helvetica',sans-serif;\">Ze hadden nog nooit eerder een eigen hond gehad, maar pasten wel regelmatig op de Teckel van familie.<\/span><\/p>\n<p style=\"margin: 0cm; margin-bottom: .0001pt; font-stretch: normal;\"><span style=\"font-family: 'Helvetica',sans-serif;\">Ze vroegen advies, keken rond en besloten tot aankoop van een mooi teckeltje bij een grote fokker.<\/span><\/p>\n<p style=\"margin: 0cm; margin-bottom: .0001pt; font-stretch: normal;\"><span style=\"font-family: 'Helvetica',sans-serif;\">Ze waren helemaal vertederd bij het zien van een mooi reutje.<\/span><\/p>\n<p style=\"margin: 0cm; margin-bottom: .0001pt; font-stretch: normal;\"><span style=\"font-family: 'Helvetica',sans-serif;\">En tsja, ervaring met het kopen van een pup hadden ze niet.\u00a0<\/span><\/p>\n<figure id=\"attachment_3406\" aria-describedby=\"caption-attachment-3406\" style=\"width: 660px\" class=\"wp-caption alignnone\"><a href=\"\/\/www.teckelblog.nl\/wordpress\/antisprookje\/img_2942\/\" rel=\"attachment wp-att-3406\"><img loading=\"lazy\" class=\"wp-image-3406 size-large\" src=\"\/\/www.teckelblog.nl\/wordpress\/wp-content\/uploads\/2019\/03\/IMG_2942-863x1024.jpg\" alt=\"\" width=\"660\" height=\"783\" srcset=\"https:\/\/www.teckelblog.nl\/wordpress\/wp-content\/uploads\/2019\/03\/IMG_2942-863x1024.jpg 863w, https:\/\/www.teckelblog.nl\/wordpress\/wp-content\/uploads\/2019\/03\/IMG_2942-253x300.jpg 253w, https:\/\/www.teckelblog.nl\/wordpress\/wp-content\/uploads\/2019\/03\/IMG_2942-768x912.jpg 768w, https:\/\/www.teckelblog.nl\/wordpress\/wp-content\/uploads\/2019\/03\/IMG_2942.jpg 1294w\" sizes=\"(max-width: 660px) 100vw, 660px\" \/><\/a><figcaption id=\"caption-attachment-3406\" class=\"wp-caption-text\">De pup en zijn moeder<\/figcaption><\/figure>\n<p><span style=\"font-family: 'Helvetica',sans-serif;\">Echter&#8230;de zeer vriendelijke verkoper legde ze alles wel uit en zij togen opgewekt naar huis m\u00e9t pup.Daar begint wat uiteindelijk uitloopt op \u00e9\u00e9n groot drama:<\/span><\/p>\n<p style=\"margin: 0cm; margin-bottom: .0001pt; font-stretch: normal;\"><span style=\"font-family: 'Helvetica',sans-serif;\">Het puppy loopt raar, zakt regelmatig door een achterpootje.<\/span><\/p>\n<p><iframe loading=\"lazy\" src=\"\/\/www.youtube.com\/embed\/mWxsJu5hLTI?rel=0&amp;controls=0&amp;showinfo=0\" width=\"560\" height=\"315\" frameborder=\"0\" allowfullscreen=\"allowfullscreen\"><\/iframe><\/p>\n<p style=\"margin: 0cm; margin-bottom: .0001pt; font-stretch: normal;\"><span style=\"font-family: 'Helvetica',sans-serif;\">Dus naar de dierenarts: niets aan de hand&#8230;zegt hij&#8230;gewoon teckelpoten.<\/span><\/p>\n<p style=\"margin: 0cm; margin-bottom: .0001pt; font-stretch: normal;\"><span style=\"font-family: 'Helvetica',sans-serif;\">Toch vertrouwen ze het niet, het lijkt geen gezonde pup.<\/span><\/p>\n<p style=\"margin: 0cm; margin-bottom: .0001pt; font-stretch: normal;\"><span style=\"font-family: 'Helvetica',sans-serif;\">Ze bellen naar de fokker. Die vindt dat zijn eigen dierenarts er maar naar moet kijken.<\/span><\/p>\n<p style=\"margin: 0cm; margin-bottom: .0001pt; font-stretch: normal;\"><span style=\"font-family: 'Helvetica',sans-serif;\">Zij maken weer de lange reis&#8230;de dierenarts van deze fokker&#8230;.U raadt het al&#8230;constateert dat dit hondje niets mankeert.<\/span><\/p>\n<p style=\"margin: 0cm; margin-bottom: .0001pt; font-stretch: normal;\"><span style=\"font-family: 'Helvetica',sans-serif;\">Tot stomme verbazing van andere eigenaren van teckels van deze fokker, met teckels met problemen of erger, biedt de fokker deze mensen een andere pup aan \u00f3f geld terug.<\/span><\/p>\n<p style=\"margin: 0cm; margin-bottom: .0001pt; font-stretch: normal;\"><span style=\"font-family: 'Helvetica',sans-serif;\">Omdat ze aan dit\u00a0 hondje verknocht geraakt zijn, willen ze geen andere en zeker geen nieuwe pup bij deze fokker.<\/span><\/p>\n<p style=\"margin: 0cm; margin-bottom: .0001pt; font-stretch: normal;\"><span style=\"font-family: 'Helvetica',sans-serif;\">Na ongeveer 10 maand overlijdt het puppy plotseling.<\/span><\/p>\n<p style=\"margin: 0cm; margin-bottom: .0001pt; font-stretch: normal;\"><span style=\"font-family: 'Helvetica',sans-serif;\">Daarna draait de fokker om als een blad aan de boom. Ha, z\u00f3 herkennen de andere gedupeerden hem weer.<\/span><\/p>\n<p style=\"margin: 0cm; margin-bottom: .0001pt; font-stretch: normal;\"><span style=\"font-family: 'Helvetica',sans-serif;\">Hij betaalt niets terug, heeft een gezonde hond geleverd!!! En&#8230;.nooit een koopovereenkomst afgegeven.<\/span><\/p>\n<p style=\"margin: 0cm; margin-bottom: .0001pt; font-stretch: normal;\"><span style=\"font-family: 'Helvetica',sans-serif;\">De kopers hebben contant betaald.<\/span><\/p>\n<p style=\"margin: 0cm; margin-bottom: .0001pt; font-stretch: normal;\"><span style=\"font-family: 'Helvetica',sans-serif;\">Kijk, dat je als koper niet meteen ziet dat deze pup raar loopt, begrijp ik,\u00a0<\/span><\/p>\n<p style=\"margin: 0cm; margin-bottom: .0001pt; font-stretch: normal;\"><span style=\"font-family: 'Helvetica',sans-serif;\">Dat de fokker het niet zou hebben gezien, kan ik ook nog inkomen met zijn hokken vol teckels, z\u00e9lfs de eigen dierenarts zal niet verder gekeken hebben dan zijn neus lang was. Die zal het diertje niet hebben zien lopen. Zou hij het hartje goed beluisterd hebben?\u00a0<\/span><\/p>\n<p style=\"margin: 0cm; margin-bottom: .0001pt; font-stretch: normal;\"><span style=\"font-family: 'Helvetica',sans-serif;\">\u00d3f toch&#8230;&#8230;? Wie zal het zeggen. Die dierenarts heeft natuurlijk een goede klant aan deze mooiprater.<\/span><\/p>\n<p style=\"margin: 0cm; margin-bottom: .0001pt; font-stretch: normal;\"><span style=\"font-family: 'Helvetica',sans-serif;\">Maar&#8230;.hoe is het mogelijk dat \u00f3\u00f3k de dierenarts van dit echtpaar geen alarm sloeg?\u00a0<\/span><\/p>\n<p style=\"margin: 0cm; margin-bottom: .0001pt; font-stretch: normal;\"><span style=\"font-family: 'Helvetica',sans-serif;\">Teckelpootje? Aan mijn laars&#8230;.<\/span><\/p>\n<p style=\"margin: 0cm; margin-bottom: .0001pt; font-stretch: normal;\"><span style=\"font-family: 'Helvetica',sans-serif;\">De eigenaar ontdekte ook nog een knik in de staart van dit hondje.<\/span><\/p>\n<p style=\"margin: 0cm; margin-bottom: .0001pt; font-stretch: normal;\"><span style=\"font-family: 'Helvetica',sans-serif;\">Reactie van de fokker&#8230;oh daar kan hij wel honderd mee worden, maar hij werd maar 10 maand.<\/span><\/p>\n<p style=\"margin: 0cm; margin-bottom: .0001pt; font-stretch: normal;\"><span style=\"font-family: 'Helvetica',sans-serif;\">Achter bleef een heel verdrietig en gefrustreerd echtpaar.<\/span><\/p>\n<p><iframe loading=\"lazy\" src=\"\/\/www.youtube.com\/embed\/ulhSkPsgyKw?rel=0&amp;controls=0&amp;showinfo=0\" width=\"560\" height=\"315\" frameborder=\"0\" allowfullscreen=\"allowfullscreen\"><\/iframe><\/p>\n<p><iframe loading=\"lazy\" src=\"\/\/www.youtube.com\/embed\/f_PJdLAw1zo?rel=0&amp;controls=0&amp;showinfo=0\" width=\"560\" height=\"315\" frameborder=\"0\" allowfullscreen=\"allowfullscreen\"><\/iframe><\/p>\n<p>Zou dit de <a href=\"https:\/\/www.teckelblog.nl\/wordpress\/lafora-ruwhaar-teckels\/\" target=\"_blank\" rel=\"noopener\">ziekte van Lafora<\/a>\u00a0kunnen zijn?<\/p>\n<p>( lees ook het verhaal over <a href=\"https:\/\/www.teckelblog.nl\/wordpress\/zigmund-meneertje-ziggy\/\" target=\"_blank\" rel=\"noopener\">meneertje Ziggy<\/a>).<\/p>\n<p>Elke keer als ik het filmpje hier bovenaan, met dat pootje zie van dat arme pupje, kan ik wel huilen (en dat doe ik soms ook). Wat erg voor dat arme beestje en wat een verdriet voor de eigenaren. Dat blijft je altijd bij.<\/p>\n<h5>Naschrift:<\/h5>\n<p>Ons Kaninchen Ylva komt van dezelfde fokker als het hondje hierboven genoemd.\u00a0Ook met Ylva hebben we veel problemen. Ze zat tot bijna vijf maand in een hok met andere teckels.<\/p>\n<p>Ylva heeft een kennelsyndroom, ze tolt en ze likt haar achterhand nat als ze stress heeft.\u00a0 En stress heeft ze om van alles. Dit filmpje is gemaakt toen ze stress kreeg omdat ik een foto van haar wilde maken. Het ergste, bijten in en schudden met haar kussens, was toen al weer over.<\/p>\n<p><iframe loading=\"lazy\" src=\"https:\/\/www.youtube.com\/embed\/mkXm3-zSSsc?rel=0&amp;controls=0&amp;showinfo=0\" width=\"560\" height=\"315\" frameborder=\"0\" allowfullscreen=\"allowfullscreen\"><\/iframe><\/p>\n<p>Ylva is agressief naar veel andere honden (vaak ook naar Whoopi) en het is daardoor\u00a0 heel moeilijk om een goede oppas voor haar te vinden. Gelukkig hebben we een paar hele goede adressen, maar ja soms kunnen die ook niet. Ze kan niet samen met andere honden.<\/p>\n<p>De fokker gaf ons de schuld van alles, zoals hij dat bij iedereen doet die bij hem een teckel heeft gekocht waar problemen mee zijn.<\/p>\n<p>Deze man is glibberig, trekt zich van geen klacht iets aan, heeft de juiste vriendjes op de juiste plaatsen en een dierenarts die hij kennelijk om zijn vinger kan winden.<\/p>\n<p>De NTC is zich zeer wel bewust van de klachten en problemen met deze fokker en doet er niets aan. \u201cHij mag dan NTC lid zijn, zelfs beweren dat hij zich aan de regels van de NTC houdt&#8230;.\u201ddat kan iedereen wel zeggen\u201d. Zoek het maar uit met de fokker en ga anders maar naar de Teckelclub in&#8230;.( het land waar hij nu woont, wat ik om mij moverende redenen niet zal noemen).<\/p>\n<p>Zie ook \u201c<a href=\"https:\/\/www.teckelblog.nl\/wordpress\/aanklacht\/\" target=\"_blank\" rel=\"noopener\">Aanklacht<\/a>\u201d.<\/p>\n<p>Op tentoonstellingen etc. komt hij met mooie hondjes&#8230;de rest verkoopt hij, logisch, maar daardoor krijg je, ( wij dus ook) een vertekend beeld.<\/p>\n<p>Denk nu niet dat deze fokker een uitzondering is, helaas niet.<\/p>\n<p>Als \u00a0een fokker zoveel honden in hokken of hoe dan ook houdt dan denk ik toch aan broodfokkers.<\/p>\n<p>Ik zie op Facebook de leukste videootjes \u00a0van een fokster in Belgi\u00eb, blije pups die heerlijk spelen en dartelen, alles schoon, lekker buiten in de tuin, prachtige hondjes. \u00a0Het zijn wel Standaards maar als ik \u00a0een Standaard zocht, zou ik eerst daar gaan kijken. Ook merk ik dat ze zich verdiept in gezonde voeding in plaats van de standaard brokken die ik bij vrijwel elke fokker zie of zag\u00a0(ook bij veel \u00a0hondenfokkers van andere rassen, voordat we teckels hadden).<\/p>\n<p>Maar ja als je zo nodig meer dan 30 tot honderd honden moet houden, dan heb je geen geld voor beter, zeg duurder voer of tijd om zelf samen te stellen.<\/p>\n<p>&nbsp;<\/p>\n<p>Ik noem het allemaal maar weer omdat ik mensen wil waarschuwen. <a href=\"https:\/\/www.teckelblog.nl\/wordpress\/wees-voorzichtig-pup-koopt\/\" target=\"_blank\" rel=\"noopener\">Koop geen hond bij handelaren<\/a>, broodfokkers of \u00a0fokkers die geen koopovereenkomst willen aangaan.<\/p>\n<p>Betaal niet contant, je kunt ter plekke een overschrijving doen.<\/p>\n<p>Lees ook \u201c<a href=\"https:\/\/www.teckelblog.nl\/wordpress\/ylva\/\" target=\"_blank\" rel=\"noopener\">Ylva<\/a>\u201d.<\/p>\n<p>&nbsp;<\/p>\n","protected":false},"excerpt":{"rendered":"<p>Er was eens een echtpaar dat graag een Teckeltje wou. Ze hadden nog nooit eerder een eigen hond gehad, maar pasten wel regelmatig op de Teckel van familie. Ze vroegen advies, keken rond en besloten tot aankoop van een mooi teckeltje bij een grote fokker. Ze waren helemaal vertederd bij het zien van een mooi &hellip; <a href=\"https:\/\/www.teckelblog.nl\/wordpress\/antisprookje\/\" class=\"more-link\">Verder lezen <span class=\"screen-reader-text\">Anti-sprookje<\/span><\/a><\/p>\n","protected":false},"author":1,"featured_media":0,"parent":0,"menu_order":0,"comment_status":"closed","ping_status":"closed","template":"","meta":[],"_links":{"self":[{"href":"https:\/\/www.teckelblog.nl\/wordpress\/wp-json\/wp\/v2\/pages\/3389"}],"collection":[{"href":"https:\/\/www.teckelblog.nl\/wordpress\/wp-json\/wp\/v2\/pages"}],"about":[{"href":"https:\/\/www.teckelblog.nl\/wordpress\/wp-json\/wp\/v2\/types\/page"}],"author":[{"embeddable":true,"href":"https:\/\/www.teckelblog.nl\/wordpress\/wp-json\/wp\/v2\/users\/1"}],"replies":[{"embeddable":true,"href":"https:\/\/www.teckelblog.nl\/wordpress\/wp-json\/wp\/v2\/comments?post=3389"}],"version-history":[{"count":9,"href":"https:\/\/www.teckelblog.nl\/wordpress\/wp-json\/wp\/v2\/pages\/3389\/revisions"}],"predecessor-version":[{"id":3413,"href":"https:\/\/www.teckelblog.nl\/wordpress\/wp-json\/wp\/v2\/pages\/3389\/revisions\/3413"}],"wp:attachment":[{"href":"https:\/\/www.teckelblog.nl\/wordpress\/wp-json\/wp\/v2\/media?parent=3389"}],"curies":[{"name":"wp","href":"https:\/\/api.w.org\/{rel}","templated":true}]}}